{"id":39,"date":"2020-06-05T21:21:06","date_gmt":"2020-06-05T19:21:06","guid":{"rendered":"http:\/\/audiosa.cluster028.hosting.ovh.net\/?page_id=39"},"modified":"2021-10-31T22:55:25","modified_gmt":"2021-10-31T21:55:25","slug":"latelier","status":"publish","type":"page","link":"https:\/\/www.audioservicemaintenance.com\/index.php\/latelier\/","title":{"rendered":"L&rsquo;atelier"},"content":{"rendered":"\n<p>Un technicien qualifi\u00e9 \u00e0 votre \u00e9coute depuis 1999 sur Avignon. Sp\u00e9cialiste de la r\u00e9paration de mat\u00e9riel \u00e9lectronique audio toutes marques. Pour toute demande particuli\u00e8re, n&rsquo;h\u00e9sitez pas a prendre contact.<\/p>\n\n\n\n<figure class=\"wp-block-image size-large\"><img loading=\"lazy\" width=\"1024\" height=\"768\" src=\"http:\/\/www.audioservicemaintenance.com\/wp-content\/uploads\/2021\/10\/Atelier-1024x768.jpg\" alt=\"Atelier de r\u00e9paration d'instrument de musique et appareil audio.\" class=\"wp-image-163\" srcset=\"https:\/\/www.audioservicemaintenance.com\/wp-content\/uploads\/2021\/10\/Atelier-1024x768.jpg 1024w, https:\/\/www.audioservicemaintenance.com\/wp-content\/uploads\/2021\/10\/Atelier-300x225.jpg 300w, https:\/\/www.audioservicemaintenance.com\/wp-content\/uploads\/2021\/10\/Atelier-768x576.jpg 768w, https:\/\/www.audioservicemaintenance.com\/wp-content\/uploads\/2021\/10\/Atelier-1536x1152.jpg 1536w, https:\/\/www.audioservicemaintenance.com\/wp-content\/uploads\/2021\/10\/Atelier-2048x1536.jpg 2048w, https:\/\/www.audioservicemaintenance.com\/wp-content\/uploads\/2021\/10\/Atelier-78x58.jpg 78w\" sizes=\"(max-width: 1024px) 100vw, 1024px\" \/><\/figure>\n\n\n\n<p>Voici quelques exemples d&rsquo;appareils pouvant \u00eatre trait\u00e9s:<\/p>\n\n\n\n<ul><li>Ampli guitare, basse, clavier \u00e0 lampe ou transistor<\/li><li>Table de mixage analogique ou num\u00e9rique (studio, sc\u00e8ne ou DJ)<\/li><li>Enceinte sono active ou passive<\/li><li>piano num\u00e9rique<\/li><li>synth\u00e9tiseur\/arrangeur<\/li><li>Pr\u00e9ampli studio<\/li><li>P\u00e9dale d&rsquo;effet<\/li><li>Equipement hifi (Ampli, Tuner&#8230; etc)<\/li><li>Lecteur CD<\/li><li>Platine vinyle<\/li><li>Microphone<\/li><li>etc&#8230;<\/li><\/ul>\n\n\n\n<p><\/p>\n\n\n\n<figure class=\"wp-block-image size-large\"><img loading=\"lazy\" width=\"768\" height=\"1024\" src=\"http:\/\/www.audioservicemaintenance.com\/wp-content\/uploads\/2021\/10\/Etabli-768x1024.jpg\" alt=\"Etabli de r\u00e9paration \u00e9lectronique audio et instruments de musique\" class=\"wp-image-175\" srcset=\"https:\/\/www.audioservicemaintenance.com\/wp-content\/uploads\/2021\/10\/Etabli-768x1024.jpg 768w, https:\/\/www.audioservicemaintenance.com\/wp-content\/uploads\/2021\/10\/Etabli-225x300.jpg 225w, https:\/\/www.audioservicemaintenance.com\/wp-content\/uploads\/2021\/10\/Etabli-1152x1536.jpg 1152w, https:\/\/www.audioservicemaintenance.com\/wp-content\/uploads\/2021\/10\/Etabli-1536x2048.jpg 1536w, https:\/\/www.audioservicemaintenance.com\/wp-content\/uploads\/2021\/10\/Etabli-scaled.jpg 1920w\" sizes=\"(max-width: 768px) 100vw, 768px\" \/><\/figure>\n\n\n\n<p><\/p>\n\n\n\n<ul><li>R\u00e9paration des cartes au composant (CMS et traversant)<\/li><li>R\u00e9paration et restauration des amplis \u00e0 lampes<\/li><li>Remplacement des pi\u00e8ces d\u00e9fectueuses<\/li><li>Recapage syst\u00e8me audio (Tranche de console, table de mixage, ampli&#8230;.)<\/li><li>Intervention sur site sur demande (sous conditions)<\/li><li>Modification de syst\u00e8me audio existant<\/li><\/ul>\n","protected":false},"excerpt":{"rendered":"<p>Un technicien qualifi\u00e9 \u00e0 votre \u00e9coute depuis 1999 sur Avignon. Sp\u00e9cialiste de la r\u00e9paration de mat\u00e9riel \u00e9lectronique audio toutes marques. Pour toute demande particuli\u00e8re, n&rsquo;h\u00e9sitez pas a prendre contact. Voici quelques exemples d&rsquo;appareils pouvant \u00eatre trait\u00e9s: Ampli guitare, basse, clavier &hellip; <\/p>\n","protected":false},"author":1,"featured_media":0,"parent":0,"menu_order":0,"comment_status":"closed","ping_status":"closed","template":"","meta":[],"_links":{"self":[{"href":"https:\/\/www.audioservicemaintenance.com\/index.php\/wp-json\/wp\/v2\/pages\/39"}],"collection":[{"href":"https:\/\/www.audioservicemaintenance.com\/index.php\/wp-json\/wp\/v2\/pages"}],"about":[{"href":"https:\/\/www.audioservicemaintenance.com\/index.php\/wp-json\/wp\/v2\/types\/page"}],"author":[{"embeddable":true,"href":"https:\/\/www.audioservicemaintenance.com\/index.php\/wp-json\/wp\/v2\/users\/1"}],"replies":[{"embeddable":true,"href":"https:\/\/www.audioservicemaintenance.com\/index.php\/wp-json\/wp\/v2\/comments?post=39"}],"version-history":[{"count":15,"href":"https:\/\/www.audioservicemaintenance.com\/index.php\/wp-json\/wp\/v2\/pages\/39\/revisions"}],"predecessor-version":[{"id":180,"href":"https:\/\/www.audioservicemaintenance.com\/index.php\/wp-json\/wp\/v2\/pages\/39\/revisions\/180"}],"wp:attachment":[{"href":"https:\/\/www.audioservicemaintenance.com\/index.php\/wp-json\/wp\/v2\/media?parent=39"}],"curies":[{"name":"wp","href":"https:\/\/api.w.org\/{rel}","templated":true}]}}